{"id":72,"date":"2022-01-30T12:18:03","date_gmt":"2022-01-30T12:18:03","guid":{"rendered":"http:\/\/superfood.elated-themes.com\/?post_type=product&#038;p=72"},"modified":"2025-01-20T09:29:51","modified_gmt":"2025-01-20T09:29:51","slug":"prestige-doos","status":"publish","type":"product","link":"https:\/\/www.niida-saffraan.be\/fr\/produit-2\/prestige-doos\/","title":{"rendered":"Coffret Prestige"},"content":{"rendered":"<p class=\"translation-block\">Chaque \u00e9l\u00e9ment du Coffret Prestige est choisi avec soin. Son emballage \u00e9l\u00e9gant et \u00e9cologique, accompagn\u00e9 de la pince en bambou et de la cuill\u00e8re en verre, t\u00e9moigne d'une attention aux d\u00e9tails.<\/p>\n<p class=\"translation-block\">Le Coffret Prestige Niida-Saffraan, id\u00e9ale pour ceux qui appr\u00e9cient les instants raffin\u00e9s, est plus qu\u2019un cadeau : c\u2019est une invitation \u00e0 savourer, explorer et aimer ensemble.<\/p>\n<p>Si vous voulez offrir un cadeau de mariage \u00e0 la fois original et m\u00e9morable, le Coffret Prestige est le choix parfait. Elle combine raffinement culinaire et authenticit\u00e9, offrant une exp\u00e9rience inoubliable pour c\u00e9l\u00e9brer l'union exceptionnelle de deux \u00e2mes.<\/p>","protected":false},"excerpt":{"rendered":"<p class=\"translation-block\">D\u00e9couvrez le Coffret Prestige, un cadeau parfait alliant sophistication et originalit\u00e9.\nLa bo\u00eete Prestige, un cadeau de luxe pour offrir une exp\u00e9rience inoubliable \u00e0 vos proches. Ce coffret raffin\u00e9 contient trois joyaux culinaires : 1 gramme de safran pur r\u00e9compens\u00e9, du miel bio au safran, et de la fleur de sel au safran. Une exp\u00e9rience sensorielle qui marie finesse et plaisir.<\/p>","protected":false},"featured_media":12677,"comment_status":"open","ping_status":"closed","template":"","meta":[],"product_brand":[],"product_cat":[78],"product_tag":[],"class_list":{"0":"post-72","1":"product","2":"type-product","3":"status-publish","4":"has-post-thumbnail","6":"product_cat-gift-set","8":"first","9":"instock","10":"featured","11":"taxable","12":"shipping-taxable","13":"purchasable","14":"product-type-simple"},"yoast_head":"<!-- This site is optimized with the Yoast SEO plugin v27.5 - https:\/\/yoast.com\/product\/yoast-seo-wordpress\/ -->\n<title>Prestige doos Saffraan - NIIDA-saffraan<\/title>\n<meta name=\"description\" content=\"Geniet van alle deugden van NIIDA-saffraan met onze luxedoos. De Prestige doos bevat alle saffraan producten en accessoires, perfect als geschenk !\" \/>\n<meta name=\"robots\" content=\"index, follow, max-snippet:-1, max-image-preview:large, max-video-preview:-1\" \/>\n<link rel=\"canonical\" href=\"https:\/\/www.niida-saffraan.be\/fr\/produit-2\/prestige-doos\/\" \/>\n<meta property=\"og:locale\" content=\"fr_FR\" \/>\n<meta property=\"og:type\" content=\"article\" \/>\n<meta property=\"og:title\" content=\"Prestige doos Saffraan - NIIDA-saffraan\" \/>\n<meta property=\"og:description\" content=\"Geniet van alle deugden van NIIDA-saffraan met onze luxedoos. De Prestige doos bevat alle saffraan producten en accessoires, perfect als geschenk !\" \/>\n<meta property=\"og:url\" content=\"https:\/\/www.niida-saffraan.be\/fr\/produit-2\/prestige-doos\/\" \/>\n<meta property=\"og:site_name\" content=\"NIIDA-saffraan\" \/>\n<meta property=\"article:modified_time\" content=\"2025-01-20T09:29:51+00:00\" \/>\n<meta property=\"og:image\" content=\"https:\/\/www.niida-saffraan.be\/wp-content\/uploads\/2022\/05\/carre\u0301.png\" \/>\n\t<meta property=\"og:image:width\" content=\"800\" \/>\n\t<meta property=\"og:image:height\" content=\"800\" \/>\n\t<meta property=\"og:image:type\" content=\"image\/png\" \/>\n<meta name=\"twitter:card\" content=\"summary_large_image\" \/>\n<meta name=\"twitter:label1\" content=\"Dur\u00e9e de lecture est.\" \/>\n\t<meta name=\"twitter:data1\" content=\"1 minute\" \/>\n<script type=\"application\/ld+json\" class=\"yoast-schema-graph\">{\"@context\":\"https:\\\/\\\/schema.org\",\"@graph\":[{\"@type\":\"WebPage\",\"@id\":\"https:\\\/\\\/www.niida-saffraan.be\\\/product\\\/prestige-doos\\\/\",\"url\":\"https:\\\/\\\/www.niida-saffraan.be\\\/product\\\/prestige-doos\\\/\",\"name\":\"Prestige doos Saffraan - NIIDA-saffraan\",\"isPartOf\":{\"@id\":\"https:\\\/\\\/www.niida-saffraan.be\\\/#website\"},\"primaryImageOfPage\":{\"@id\":\"https:\\\/\\\/www.niida-saffraan.be\\\/product\\\/prestige-doos\\\/#primaryimage\"},\"image\":{\"@id\":\"https:\\\/\\\/www.niida-saffraan.be\\\/product\\\/prestige-doos\\\/#primaryimage\"},\"thumbnailUrl\":\"https:\\\/\\\/www.niida-saffraan.be\\\/wp-content\\\/uploads\\\/2022\\\/05\\\/carre\u0301.png\",\"datePublished\":\"2022-01-30T12:18:03+00:00\",\"dateModified\":\"2025-01-20T09:29:51+00:00\",\"description\":\"Geniet van alle deugden van NIIDA-saffraan met onze luxedoos. De Prestige doos bevat alle saffraan producten en accessoires, perfect als geschenk !\",\"breadcrumb\":{\"@id\":\"https:\\\/\\\/www.niida-saffraan.be\\\/product\\\/prestige-doos\\\/#breadcrumb\"},\"inLanguage\":\"fr-BE\",\"potentialAction\":[{\"@type\":\"ReadAction\",\"target\":[\"https:\\\/\\\/www.niida-saffraan.be\\\/product\\\/prestige-doos\\\/\"]}]},{\"@type\":\"ImageObject\",\"inLanguage\":\"fr-BE\",\"@id\":\"https:\\\/\\\/www.niida-saffraan.be\\\/product\\\/prestige-doos\\\/#primaryimage\",\"url\":\"https:\\\/\\\/www.niida-saffraan.be\\\/wp-content\\\/uploads\\\/2022\\\/05\\\/carre\u0301.png\",\"contentUrl\":\"https:\\\/\\\/www.niida-saffraan.be\\\/wp-content\\\/uploads\\\/2022\\\/05\\\/carre\u0301.png\",\"width\":800,\"height\":800,\"caption\":\"Prestige doos\"},{\"@type\":\"BreadcrumbList\",\"@id\":\"https:\\\/\\\/www.niida-saffraan.be\\\/product\\\/prestige-doos\\\/#breadcrumb\",\"itemListElement\":[{\"@type\":\"ListItem\",\"position\":1,\"name\":\"Home\",\"item\":\"https:\\\/\\\/www.niida-saffraan.be\\\/\"},{\"@type\":\"ListItem\",\"position\":2,\"name\":\"e-shop\",\"item\":\"https:\\\/\\\/www.niida-saffraan.be\\\/winkel\\\/\"},{\"@type\":\"ListItem\",\"position\":3,\"name\":\"Prestige doos\"}]},{\"@type\":\"WebSite\",\"@id\":\"https:\\\/\\\/www.niida-saffraan.be\\\/#website\",\"url\":\"https:\\\/\\\/www.niida-saffraan.be\\\/\",\"name\":\"NIIDA-saffraan\",\"description\":\"Het Juweel van Gastronomie, de Afghaanse saffraan\",\"publisher\":{\"@id\":\"https:\\\/\\\/www.niida-saffraan.be\\\/#organization\"},\"potentialAction\":[{\"@type\":\"SearchAction\",\"target\":{\"@type\":\"EntryPoint\",\"urlTemplate\":\"https:\\\/\\\/www.niida-saffraan.be\\\/?s={search_term_string}\"},\"query-input\":{\"@type\":\"PropertyValueSpecification\",\"valueRequired\":true,\"valueName\":\"search_term_string\"}}],\"inLanguage\":\"fr-BE\"},{\"@type\":\"Organization\",\"@id\":\"https:\\\/\\\/www.niida-saffraan.be\\\/#organization\",\"name\":\"NIIDA Saffraan\",\"url\":\"https:\\\/\\\/www.niida-saffraan.be\\\/\",\"logo\":{\"@type\":\"ImageObject\",\"inLanguage\":\"fr-BE\",\"@id\":\"https:\\\/\\\/www.niida-saffraan.be\\\/#\\\/schema\\\/logo\\\/image\\\/\",\"url\":\"https:\\\/\\\/www.niida-saffraan.be\\\/wp-content\\\/uploads\\\/2021\\\/12\\\/logo-site.png\",\"contentUrl\":\"https:\\\/\\\/www.niida-saffraan.be\\\/wp-content\\\/uploads\\\/2021\\\/12\\\/logo-site.png\",\"width\":250,\"height\":100,\"caption\":\"NIIDA Saffraan\"},\"image\":{\"@id\":\"https:\\\/\\\/www.niida-saffraan.be\\\/#\\\/schema\\\/logo\\\/image\\\/\"}}]}<\/script>\n<!-- \/ Yoast SEO plugin. -->","yoast_head_json":{"title":"Prestige doos Saffraan - NIIDA-saffraan","description":"Geniet van alle deugden van NIIDA-saffraan met onze luxedoos. De Prestige doos bevat alle saffraan producten en accessoires, perfect als geschenk !","robots":{"index":"index","follow":"follow","max-snippet":"max-snippet:-1","max-image-preview":"max-image-preview:large","max-video-preview":"max-video-preview:-1"},"canonical":"https:\/\/www.niida-saffraan.be\/fr\/produit-2\/prestige-doos\/","og_locale":"fr_FR","og_type":"article","og_title":"Prestige doos Saffraan - NIIDA-saffraan","og_description":"Geniet van alle deugden van NIIDA-saffraan met onze luxedoos. De Prestige doos bevat alle saffraan producten en accessoires, perfect als geschenk !","og_url":"https:\/\/www.niida-saffraan.be\/fr\/produit-2\/prestige-doos\/","og_site_name":"NIIDA-saffraan","article_modified_time":"2025-01-20T09:29:51+00:00","og_image":[{"width":800,"height":800,"url":"https:\/\/www.niida-saffraan.be\/wp-content\/uploads\/2022\/05\/carre\u0301.png","type":"image\/png"}],"twitter_card":"summary_large_image","twitter_misc":{"Dur\u00e9e de lecture est.":"1 minute"},"schema":{"@context":"https:\/\/schema.org","@graph":[{"@type":"WebPage","@id":"https:\/\/www.niida-saffraan.be\/product\/prestige-doos\/","url":"https:\/\/www.niida-saffraan.be\/product\/prestige-doos\/","name":"Prestige doos Saffraan - NIIDA-saffraan","isPartOf":{"@id":"https:\/\/www.niida-saffraan.be\/#website"},"primaryImageOfPage":{"@id":"https:\/\/www.niida-saffraan.be\/product\/prestige-doos\/#primaryimage"},"image":{"@id":"https:\/\/www.niida-saffraan.be\/product\/prestige-doos\/#primaryimage"},"thumbnailUrl":"https:\/\/www.niida-saffraan.be\/wp-content\/uploads\/2022\/05\/carre\u0301.png","datePublished":"2022-01-30T12:18:03+00:00","dateModified":"2025-01-20T09:29:51+00:00","description":"Geniet van alle deugden van NIIDA-saffraan met onze luxedoos. De Prestige doos bevat alle saffraan producten en accessoires, perfect als geschenk !","breadcrumb":{"@id":"https:\/\/www.niida-saffraan.be\/product\/prestige-doos\/#breadcrumb"},"inLanguage":"fr-BE","potentialAction":[{"@type":"ReadAction","target":["https:\/\/www.niida-saffraan.be\/product\/prestige-doos\/"]}]},{"@type":"ImageObject","inLanguage":"fr-BE","@id":"https:\/\/www.niida-saffraan.be\/product\/prestige-doos\/#primaryimage","url":"https:\/\/www.niida-saffraan.be\/wp-content\/uploads\/2022\/05\/carre\u0301.png","contentUrl":"https:\/\/www.niida-saffraan.be\/wp-content\/uploads\/2022\/05\/carre\u0301.png","width":800,"height":800,"caption":"Prestige doos"},{"@type":"BreadcrumbList","@id":"https:\/\/www.niida-saffraan.be\/product\/prestige-doos\/#breadcrumb","itemListElement":[{"@type":"ListItem","position":1,"name":"Home","item":"https:\/\/www.niida-saffraan.be\/"},{"@type":"ListItem","position":2,"name":"e-shop","item":"https:\/\/www.niida-saffraan.be\/winkel\/"},{"@type":"ListItem","position":3,"name":"Prestige doos"}]},{"@type":"WebSite","@id":"https:\/\/www.niida-saffraan.be\/#website","url":"https:\/\/www.niida-saffraan.be\/","name":"Safran NIIDA","description":"Het Juweel van Gastronomie, de Afghaanse saffraan","publisher":{"@id":"https:\/\/www.niida-saffraan.be\/#organization"},"potentialAction":[{"@type":"SearchAction","target":{"@type":"EntryPoint","urlTemplate":"https:\/\/www.niida-saffraan.be\/?s={search_term_string}"},"query-input":{"@type":"PropertyValueSpecification","valueRequired":true,"valueName":"search_term_string"}}],"inLanguage":"fr-BE"},{"@type":"Organization","@id":"https:\/\/www.niida-saffraan.be\/#organization","name":"NIIDA Saffraan","url":"https:\/\/www.niida-saffraan.be\/","logo":{"@type":"ImageObject","inLanguage":"fr-BE","@id":"https:\/\/www.niida-saffraan.be\/#\/schema\/logo\/image\/","url":"https:\/\/www.niida-saffraan.be\/wp-content\/uploads\/2021\/12\/logo-site.png","contentUrl":"https:\/\/www.niida-saffraan.be\/wp-content\/uploads\/2021\/12\/logo-site.png","width":250,"height":100,"caption":"NIIDA Saffraan"},"image":{"@id":"https:\/\/www.niida-saffraan.be\/#\/schema\/logo\/image\/"}}]}},"jetpack_sharing_enabled":true,"_links":{"self":[{"href":"https:\/\/www.niida-saffraan.be\/fr\/wp-json\/wp\/v2\/product\/72","targetHints":{"allow":["GET"]}}],"collection":[{"href":"https:\/\/www.niida-saffraan.be\/fr\/wp-json\/wp\/v2\/product"}],"about":[{"href":"https:\/\/www.niida-saffraan.be\/fr\/wp-json\/wp\/v2\/types\/product"}],"replies":[{"embeddable":true,"href":"https:\/\/www.niida-saffraan.be\/fr\/wp-json\/wp\/v2\/comments?post=72"}],"wp:featuredmedia":[{"embeddable":true,"href":"https:\/\/www.niida-saffraan.be\/fr\/wp-json\/wp\/v2\/media\/12677"}],"wp:attachment":[{"href":"https:\/\/www.niida-saffraan.be\/fr\/wp-json\/wp\/v2\/media?parent=72"}],"wp:term":[{"taxonomy":"product_brand","embeddable":true,"href":"https:\/\/www.niida-saffraan.be\/fr\/wp-json\/wp\/v2\/product_brand?post=72"},{"taxonomy":"product_cat","embeddable":true,"href":"https:\/\/www.niida-saffraan.be\/fr\/wp-json\/wp\/v2\/product_cat?post=72"},{"taxonomy":"product_tag","embeddable":true,"href":"https:\/\/www.niida-saffraan.be\/fr\/wp-json\/wp\/v2\/product_tag?post=72"}],"curies":[{"name":"wp","href":"https:\/\/api.w.org\/{rel}","templated":true}]}}