{"id":166,"date":"2022-01-19T13:02:17","date_gmt":"2022-01-19T13:02:17","guid":{"rendered":"http:\/\/superfood.elated-themes.com\/?post_type=product&#038;p=166"},"modified":"2024-11-15T14:24:48","modified_gmt":"2024-11-15T14:24:48","slug":"bio-honing-saffraan","status":"publish","type":"product","link":"https:\/\/www.niida-saffraan.be\/fr\/produit-2\/bio-honing-saffraan\/","title":{"rendered":"Miel d'Acacia biologique &amp; Safran"},"content":{"rendered":"<div class=\"vc_row wpb_row vc_row-fluid\" ><div class=\"wpb_column vc_column_container vc_col-sm-12\"><div class=\"vc_column-inner\"><div class=\"wpb_wrapper\">\n\t<div class=\"wpb_text_column wpb_content_element\" >\n\t\t<div class=\"wpb_wrapper\">\n\t\t\t<p class=\"translation-block\">Miel d'acacia bio du Pi\u00e9mont, infus\u00e9 au safran Niida pendant plusieurs semaines pour r\u00e9v\u00e9ler toute la richesse de ses saveurs. Emball\u00e9 dans un pot en verre de 125 grammes, \u00e9l\u00e9gant et raffin\u00e9.<\/p>\n<p>Cette combinaison exquise met en valeur la douceur naturelle du miel, en parfaite harmonie avec les ar\u00f4mes subtils du safran, offrant ainsi une exp\u00e9rience culinaire unique et raffin\u00e9e.<\/p>\n\n\t\t<\/div>\n\t<\/div>\n<\/div><\/div><\/div><\/div>","protected":false},"excerpt":{"rendered":"<p>Ses notes aromatiques de fleurs, d\u2019amandes et de gousse de vanille se marient avec \u00e9l\u00e9gance et subtilit\u00e9 aux notes  du safran Niida.\nD\u00e9gustez-le au petit-d\u00e9jeuner sur une tranche de pain au levain, un vrai r\u00e9gal\u2026<\/p>\n<p class=\"translation-block\">D\u00e9couvrez le miel d'acacia bio infus\u00e9 d\u00e9licatement au safran, premier prix du Superior Taste Award 2024.<\/p>","protected":false},"featured_media":12489,"comment_status":"open","ping_status":"closed","template":"","meta":[],"product_brand":[],"product_cat":[76],"product_tag":[35],"class_list":{"0":"post-166","1":"product","2":"type-product","3":"status-publish","4":"has-post-thumbnail","6":"product_cat-honey","7":"product_tag-organic","9":"first","10":"instock","11":"featured","12":"taxable","13":"shipping-taxable","14":"purchasable","15":"product-type-variable"},"yoast_head":"<!-- This site is optimized with the Yoast SEO plugin v27.5 - https:\/\/yoast.com\/product\/yoast-seo-wordpress\/ -->\n<title>Bio honing &amp; Saffraan<\/title>\n<meta name=\"description\" content=\"Ontdek onze exclusieve bio honing met NIIDA-saffraan , uitgeroepen tot de beste ter wereld door het Internationaal Smaak Instituut in Brussel. Perfect voor gastronomische lekkernijen\" \/>\n<meta name=\"robots\" content=\"index, follow, max-snippet:-1, max-image-preview:large, max-video-preview:-1\" \/>\n<link rel=\"canonical\" href=\"https:\/\/www.niida-saffraan.be\/fr\/produit-2\/bio-honing-saffraan\/\" \/>\n<meta property=\"og:locale\" content=\"fr_FR\" \/>\n<meta property=\"og:type\" content=\"article\" \/>\n<meta property=\"og:title\" content=\"Bio honing &amp; Saffraan\" \/>\n<meta property=\"og:description\" content=\"Ontdek onze exclusieve bio honing met NIIDA-saffraan , uitgeroepen tot de beste ter wereld door het Internationaal Smaak Instituut in Brussel. Perfect voor gastronomische lekkernijen\" \/>\n<meta property=\"og:url\" content=\"https:\/\/www.niida-saffraan.be\/fr\/produit-2\/bio-honing-saffraan\/\" \/>\n<meta property=\"og:site_name\" content=\"NIIDA-saffraan\" \/>\n<meta property=\"article:modified_time\" content=\"2024-11-15T14:24:48+00:00\" \/>\n<meta property=\"og:image\" content=\"https:\/\/www.niida-saffraan.be\/wp-content\/uploads\/2016\/12\/NiidaSaffraan-by-AS-Deldycke-11-scaled.jpg\" \/>\n\t<meta property=\"og:image:width\" content=\"2560\" \/>\n\t<meta property=\"og:image:height\" content=\"2560\" \/>\n\t<meta property=\"og:image:type\" content=\"image\/jpeg\" \/>\n<meta name=\"twitter:card\" content=\"summary_large_image\" \/>\n<script type=\"application\/ld+json\" class=\"yoast-schema-graph\">{\"@context\":\"https:\\\/\\\/schema.org\",\"@graph\":[{\"@type\":\"WebPage\",\"@id\":\"https:\\\/\\\/www.niida-saffraan.be\\\/product\\\/bio-honing-saffraan\\\/\",\"url\":\"https:\\\/\\\/www.niida-saffraan.be\\\/product\\\/bio-honing-saffraan\\\/\",\"name\":\"Bio honing & Saffraan\",\"isPartOf\":{\"@id\":\"https:\\\/\\\/www.niida-saffraan.be\\\/#website\"},\"primaryImageOfPage\":{\"@id\":\"https:\\\/\\\/www.niida-saffraan.be\\\/product\\\/bio-honing-saffraan\\\/#primaryimage\"},\"image\":{\"@id\":\"https:\\\/\\\/www.niida-saffraan.be\\\/product\\\/bio-honing-saffraan\\\/#primaryimage\"},\"thumbnailUrl\":\"https:\\\/\\\/www.niida-saffraan.be\\\/wp-content\\\/uploads\\\/2016\\\/12\\\/NiidaSaffraan-by-AS-Deldycke-11-scaled.jpg\",\"datePublished\":\"2022-01-19T13:02:17+00:00\",\"dateModified\":\"2024-11-15T14:24:48+00:00\",\"description\":\"Ontdek onze exclusieve bio honing met NIIDA-saffraan , uitgeroepen tot de beste ter wereld door het Internationaal Smaak Instituut in Brussel. Perfect voor gastronomische lekkernijen\",\"breadcrumb\":{\"@id\":\"https:\\\/\\\/www.niida-saffraan.be\\\/product\\\/bio-honing-saffraan\\\/#breadcrumb\"},\"inLanguage\":\"fr-BE\",\"potentialAction\":[{\"@type\":\"ReadAction\",\"target\":[\"https:\\\/\\\/www.niida-saffraan.be\\\/product\\\/bio-honing-saffraan\\\/\"]}]},{\"@type\":\"ImageObject\",\"inLanguage\":\"fr-BE\",\"@id\":\"https:\\\/\\\/www.niida-saffraan.be\\\/product\\\/bio-honing-saffraan\\\/#primaryimage\",\"url\":\"https:\\\/\\\/www.niida-saffraan.be\\\/wp-content\\\/uploads\\\/2016\\\/12\\\/NiidaSaffraan-by-AS-Deldycke-11-scaled.jpg\",\"contentUrl\":\"https:\\\/\\\/www.niida-saffraan.be\\\/wp-content\\\/uploads\\\/2016\\\/12\\\/NiidaSaffraan-by-AS-Deldycke-11-scaled.jpg\",\"width\":2560,\"height\":2560,\"caption\":\"biologische acacia honing met saffraan\"},{\"@type\":\"BreadcrumbList\",\"@id\":\"https:\\\/\\\/www.niida-saffraan.be\\\/product\\\/bio-honing-saffraan\\\/#breadcrumb\",\"itemListElement\":[{\"@type\":\"ListItem\",\"position\":1,\"name\":\"Home\",\"item\":\"https:\\\/\\\/www.niida-saffraan.be\\\/\"},{\"@type\":\"ListItem\",\"position\":2,\"name\":\"e-shop\",\"item\":\"https:\\\/\\\/www.niida-saffraan.be\\\/winkel\\\/\"},{\"@type\":\"ListItem\",\"position\":3,\"name\":\"Bio acaciahoning &#038; Saffraan\"}]},{\"@type\":\"WebSite\",\"@id\":\"https:\\\/\\\/www.niida-saffraan.be\\\/#website\",\"url\":\"https:\\\/\\\/www.niida-saffraan.be\\\/\",\"name\":\"NIIDA-saffraan\",\"description\":\"Het Juweel van Gastronomie, de Afghaanse saffraan\",\"publisher\":{\"@id\":\"https:\\\/\\\/www.niida-saffraan.be\\\/#organization\"},\"potentialAction\":[{\"@type\":\"SearchAction\",\"target\":{\"@type\":\"EntryPoint\",\"urlTemplate\":\"https:\\\/\\\/www.niida-saffraan.be\\\/?s={search_term_string}\"},\"query-input\":{\"@type\":\"PropertyValueSpecification\",\"valueRequired\":true,\"valueName\":\"search_term_string\"}}],\"inLanguage\":\"fr-BE\"},{\"@type\":\"Organization\",\"@id\":\"https:\\\/\\\/www.niida-saffraan.be\\\/#organization\",\"name\":\"NIIDA Saffraan\",\"url\":\"https:\\\/\\\/www.niida-saffraan.be\\\/\",\"logo\":{\"@type\":\"ImageObject\",\"inLanguage\":\"fr-BE\",\"@id\":\"https:\\\/\\\/www.niida-saffraan.be\\\/#\\\/schema\\\/logo\\\/image\\\/\",\"url\":\"https:\\\/\\\/www.niida-saffraan.be\\\/wp-content\\\/uploads\\\/2021\\\/12\\\/logo-site.png\",\"contentUrl\":\"https:\\\/\\\/www.niida-saffraan.be\\\/wp-content\\\/uploads\\\/2021\\\/12\\\/logo-site.png\",\"width\":250,\"height\":100,\"caption\":\"NIIDA Saffraan\"},\"image\":{\"@id\":\"https:\\\/\\\/www.niida-saffraan.be\\\/#\\\/schema\\\/logo\\\/image\\\/\"}}]}<\/script>\n<!-- \/ Yoast SEO plugin. -->","yoast_head_json":{"title":"Bio honing & Saffraan","description":"Ontdek onze exclusieve bio honing met NIIDA-saffraan , uitgeroepen tot de beste ter wereld door het Internationaal Smaak Instituut in Brussel. Perfect voor gastronomische lekkernijen","robots":{"index":"index","follow":"follow","max-snippet":"max-snippet:-1","max-image-preview":"max-image-preview:large","max-video-preview":"max-video-preview:-1"},"canonical":"https:\/\/www.niida-saffraan.be\/fr\/produit-2\/bio-honing-saffraan\/","og_locale":"fr_FR","og_type":"article","og_title":"Bio honing & Saffraan","og_description":"Ontdek onze exclusieve bio honing met NIIDA-saffraan , uitgeroepen tot de beste ter wereld door het Internationaal Smaak Instituut in Brussel. Perfect voor gastronomische lekkernijen","og_url":"https:\/\/www.niida-saffraan.be\/fr\/produit-2\/bio-honing-saffraan\/","og_site_name":"NIIDA-saffraan","article_modified_time":"2024-11-15T14:24:48+00:00","og_image":[{"width":2560,"height":2560,"url":"https:\/\/www.niida-saffraan.be\/wp-content\/uploads\/2016\/12\/NiidaSaffraan-by-AS-Deldycke-11-scaled.jpg","type":"image\/jpeg"}],"twitter_card":"summary_large_image","schema":{"@context":"https:\/\/schema.org","@graph":[{"@type":"WebPage","@id":"https:\/\/www.niida-saffraan.be\/product\/bio-honing-saffraan\/","url":"https:\/\/www.niida-saffraan.be\/product\/bio-honing-saffraan\/","name":"Bio honing & Saffraan","isPartOf":{"@id":"https:\/\/www.niida-saffraan.be\/#website"},"primaryImageOfPage":{"@id":"https:\/\/www.niida-saffraan.be\/product\/bio-honing-saffraan\/#primaryimage"},"image":{"@id":"https:\/\/www.niida-saffraan.be\/product\/bio-honing-saffraan\/#primaryimage"},"thumbnailUrl":"https:\/\/www.niida-saffraan.be\/wp-content\/uploads\/2016\/12\/NiidaSaffraan-by-AS-Deldycke-11-scaled.jpg","datePublished":"2022-01-19T13:02:17+00:00","dateModified":"2024-11-15T14:24:48+00:00","description":"Ontdek onze exclusieve bio honing met NIIDA-saffraan , uitgeroepen tot de beste ter wereld door het Internationaal Smaak Instituut in Brussel. Perfect voor gastronomische lekkernijen","breadcrumb":{"@id":"https:\/\/www.niida-saffraan.be\/product\/bio-honing-saffraan\/#breadcrumb"},"inLanguage":"fr-BE","potentialAction":[{"@type":"ReadAction","target":["https:\/\/www.niida-saffraan.be\/product\/bio-honing-saffraan\/"]}]},{"@type":"ImageObject","inLanguage":"fr-BE","@id":"https:\/\/www.niida-saffraan.be\/product\/bio-honing-saffraan\/#primaryimage","url":"https:\/\/www.niida-saffraan.be\/wp-content\/uploads\/2016\/12\/NiidaSaffraan-by-AS-Deldycke-11-scaled.jpg","contentUrl":"https:\/\/www.niida-saffraan.be\/wp-content\/uploads\/2016\/12\/NiidaSaffraan-by-AS-Deldycke-11-scaled.jpg","width":2560,"height":2560,"caption":"biologische acacia honing met saffraan"},{"@type":"BreadcrumbList","@id":"https:\/\/www.niida-saffraan.be\/product\/bio-honing-saffraan\/#breadcrumb","itemListElement":[{"@type":"ListItem","position":1,"name":"Home","item":"https:\/\/www.niida-saffraan.be\/"},{"@type":"ListItem","position":2,"name":"e-shop","item":"https:\/\/www.niida-saffraan.be\/winkel\/"},{"@type":"ListItem","position":3,"name":"Bio acaciahoning &#038; Saffraan"}]},{"@type":"WebSite","@id":"https:\/\/www.niida-saffraan.be\/#website","url":"https:\/\/www.niida-saffraan.be\/","name":"Safran NIIDA","description":"Het Juweel van Gastronomie, de Afghaanse saffraan","publisher":{"@id":"https:\/\/www.niida-saffraan.be\/#organization"},"potentialAction":[{"@type":"SearchAction","target":{"@type":"EntryPoint","urlTemplate":"https:\/\/www.niida-saffraan.be\/?s={search_term_string}"},"query-input":{"@type":"PropertyValueSpecification","valueRequired":true,"valueName":"search_term_string"}}],"inLanguage":"fr-BE"},{"@type":"Organization","@id":"https:\/\/www.niida-saffraan.be\/#organization","name":"NIIDA Saffraan","url":"https:\/\/www.niida-saffraan.be\/","logo":{"@type":"ImageObject","inLanguage":"fr-BE","@id":"https:\/\/www.niida-saffraan.be\/#\/schema\/logo\/image\/","url":"https:\/\/www.niida-saffraan.be\/wp-content\/uploads\/2021\/12\/logo-site.png","contentUrl":"https:\/\/www.niida-saffraan.be\/wp-content\/uploads\/2021\/12\/logo-site.png","width":250,"height":100,"caption":"NIIDA Saffraan"},"image":{"@id":"https:\/\/www.niida-saffraan.be\/#\/schema\/logo\/image\/"}}]}},"jetpack_sharing_enabled":true,"_links":{"self":[{"href":"https:\/\/www.niida-saffraan.be\/fr\/wp-json\/wp\/v2\/product\/166","targetHints":{"allow":["GET"]}}],"collection":[{"href":"https:\/\/www.niida-saffraan.be\/fr\/wp-json\/wp\/v2\/product"}],"about":[{"href":"https:\/\/www.niida-saffraan.be\/fr\/wp-json\/wp\/v2\/types\/product"}],"replies":[{"embeddable":true,"href":"https:\/\/www.niida-saffraan.be\/fr\/wp-json\/wp\/v2\/comments?post=166"}],"wp:featuredmedia":[{"embeddable":true,"href":"https:\/\/www.niida-saffraan.be\/fr\/wp-json\/wp\/v2\/media\/12489"}],"wp:attachment":[{"href":"https:\/\/www.niida-saffraan.be\/fr\/wp-json\/wp\/v2\/media?parent=166"}],"wp:term":[{"taxonomy":"product_brand","embeddable":true,"href":"https:\/\/www.niida-saffraan.be\/fr\/wp-json\/wp\/v2\/product_brand?post=166"},{"taxonomy":"product_cat","embeddable":true,"href":"https:\/\/www.niida-saffraan.be\/fr\/wp-json\/wp\/v2\/product_cat?post=166"},{"taxonomy":"product_tag","embeddable":true,"href":"https:\/\/www.niida-saffraan.be\/fr\/wp-json\/wp\/v2\/product_tag?post=166"}],"curies":[{"name":"wp","href":"https:\/\/api.w.org\/{rel}","templated":true}]}}