{"id":161,"date":"2016-12-19T12:59:53","date_gmt":"2016-12-19T12:59:53","guid":{"rendered":"http:\/\/superfood.elated-themes.com\/?post_type=product&#038;p=161"},"modified":"2024-11-15T14:26:00","modified_gmt":"2024-11-15T14:26:00","slug":"fleur-de-sel","status":"publish","type":"product","link":"https:\/\/www.niida-saffraan.be\/fr\/produit-2\/fleur-de-sel\/","title":{"rendered":"Fleur de Sel de Camargue &#038; Saffraan"},"content":{"rendered":"<p>Notre Fleur de sel est r\u00e9colt\u00e9e au c\u0153ur des marais salants de Camargue, dans le sud de la France. Le sel est non raffin\u00e9, non trait\u00e9, sans additifs et 100% naturel. \nCe sel d\u2019exception est riche en oligo-\u00e9l\u00e9ments comme le fer, le mangan\u00e8se et autres min\u00e9raux qui sont indispensables \u00e0 notre organisme.\nLes Chef-cuisiniers l\u2019utilisent en touche finale pour la d\u00e9licatesse et le raffinement que la fleur de sel apporte. \nMari\u00e9e au safran Niida, elle apportera une touche \u00e9l\u00e9gante et un parfum d\u00e9licat \u00e0 tous vos plats, en particulier \u00e0 vos viandes blanches ou \u00e0 vos poissons.<\/p>\n<p class=\"translation-block\">Associ\u00e9e au safran Niida, prim\u00e9 par le Superior Taste Award 2024, cette fleur de sel apporte une touche d\u2019\u00e9l\u00e9gance et une d\u00e9licate fragrance \u00e0 vos plats, en particulier ceux \u00e0 base de volaille ou de poisson. Les chefs l\u2019utilisent comme touche finale pour sa finesse et sa subtilit\u00e9.<\/p>","protected":false},"excerpt":{"rendered":"<p class=\"translation-block\">Fleur de sel de Camargue, r\u00e9colt\u00e9e \u00e0 la main, puis infus\u00e9e au safran Niida pendant une p\u00e9riode prolong\u00e9e, apportant \u00e0 vos recettes une touche d\u00e9licate et raffin\u00e9e. Emball\u00e9e dans un pot en verre de 90 grammes.<\/p>\n<p>&nbsp;<\/p>","protected":false},"featured_media":12491,"comment_status":"open","ping_status":"closed","template":"","meta":[],"product_brand":[],"product_cat":[75],"product_tag":[35],"class_list":{"0":"post-161","1":"product","2":"type-product","3":"status-publish","4":"has-post-thumbnail","6":"product_cat-salt","7":"product_tag-organic","9":"first","10":"instock","11":"featured","12":"taxable","13":"shipping-taxable","14":"purchasable","15":"product-type-variable"},"yoast_head":"<!-- This site is optimized with the Yoast SEO plugin v27.5 - https:\/\/yoast.com\/product\/yoast-seo-wordpress\/ -->\n<title>Fleur de Sel de Camargue &amp; Saffraan - NIIDA-saffraan<\/title>\n<meta name=\"description\" content=\"Fleur de Sel &amp; Saffraan is een zeezout geoogst op de zoutmourassen in Camargue in het zuiden van Frankrijk, verrijkt met NIIDA-saffraan Kortom: natuurzuiver exclusieve zeezout zoals je het nergens anders vindt.\" \/>\n<meta name=\"robots\" content=\"index, follow, max-snippet:-1, max-image-preview:large, max-video-preview:-1\" \/>\n<link rel=\"canonical\" href=\"https:\/\/www.niida-saffraan.be\/fr\/produit-2\/fleur-de-sel\/\" \/>\n<meta property=\"og:locale\" content=\"fr_FR\" \/>\n<meta property=\"og:type\" content=\"article\" \/>\n<meta property=\"og:title\" content=\"Fleur de Sel de Camargue &amp; Saffraan - NIIDA-saffraan\" \/>\n<meta property=\"og:description\" content=\"Fleur de Sel &amp; Saffraan is een zeezout geoogst op de zoutmourassen in Camargue in het zuiden van Frankrijk, verrijkt met NIIDA-saffraan Kortom: natuurzuiver exclusieve zeezout zoals je het nergens anders vindt.\" \/>\n<meta property=\"og:url\" content=\"https:\/\/www.niida-saffraan.be\/fr\/produit-2\/fleur-de-sel\/\" \/>\n<meta property=\"og:site_name\" content=\"NIIDA-saffraan\" \/>\n<meta property=\"article:modified_time\" content=\"2024-11-15T14:26:00+00:00\" \/>\n<meta property=\"og:image\" content=\"https:\/\/www.niida-saffraan.be\/wp-content\/uploads\/2016\/12\/NiidaSaffraan-by-AS-Deldycke-10-scaled.jpg\" \/>\n\t<meta property=\"og:image:width\" content=\"2560\" \/>\n\t<meta property=\"og:image:height\" content=\"2560\" \/>\n\t<meta property=\"og:image:type\" content=\"image\/jpeg\" \/>\n<meta name=\"twitter:card\" content=\"summary_large_image\" \/>\n<meta name=\"twitter:label1\" content=\"Dur\u00e9e de lecture est.\" \/>\n\t<meta name=\"twitter:data1\" content=\"1 minute\" \/>\n<script type=\"application\/ld+json\" class=\"yoast-schema-graph\">{\"@context\":\"https:\\\/\\\/schema.org\",\"@graph\":[{\"@type\":\"WebPage\",\"@id\":\"https:\\\/\\\/www.niida-saffraan.be\\\/product\\\/fleur-de-sel\\\/\",\"url\":\"https:\\\/\\\/www.niida-saffraan.be\\\/product\\\/fleur-de-sel\\\/\",\"name\":\"Fleur de Sel de Camargue & Saffraan - NIIDA-saffraan\",\"isPartOf\":{\"@id\":\"https:\\\/\\\/www.niida-saffraan.be\\\/#website\"},\"primaryImageOfPage\":{\"@id\":\"https:\\\/\\\/www.niida-saffraan.be\\\/product\\\/fleur-de-sel\\\/#primaryimage\"},\"image\":{\"@id\":\"https:\\\/\\\/www.niida-saffraan.be\\\/product\\\/fleur-de-sel\\\/#primaryimage\"},\"thumbnailUrl\":\"https:\\\/\\\/www.niida-saffraan.be\\\/wp-content\\\/uploads\\\/2016\\\/12\\\/NiidaSaffraan-by-AS-Deldycke-10-scaled.jpg\",\"datePublished\":\"2016-12-19T12:59:53+00:00\",\"dateModified\":\"2024-11-15T14:26:00+00:00\",\"description\":\"Fleur de Sel & Saffraan is een zeezout geoogst op de zoutmourassen in Camargue in het zuiden van Frankrijk, verrijkt met NIIDA-saffraan Kortom: natuurzuiver exclusieve zeezout zoals je het nergens anders vindt.\",\"breadcrumb\":{\"@id\":\"https:\\\/\\\/www.niida-saffraan.be\\\/product\\\/fleur-de-sel\\\/#breadcrumb\"},\"inLanguage\":\"fr-BE\",\"potentialAction\":[{\"@type\":\"ReadAction\",\"target\":[\"https:\\\/\\\/www.niida-saffraan.be\\\/product\\\/fleur-de-sel\\\/\"]}]},{\"@type\":\"ImageObject\",\"inLanguage\":\"fr-BE\",\"@id\":\"https:\\\/\\\/www.niida-saffraan.be\\\/product\\\/fleur-de-sel\\\/#primaryimage\",\"url\":\"https:\\\/\\\/www.niida-saffraan.be\\\/wp-content\\\/uploads\\\/2016\\\/12\\\/NiidaSaffraan-by-AS-Deldycke-10-scaled.jpg\",\"contentUrl\":\"https:\\\/\\\/www.niida-saffraan.be\\\/wp-content\\\/uploads\\\/2016\\\/12\\\/NiidaSaffraan-by-AS-Deldycke-10-scaled.jpg\",\"width\":2560,\"height\":2560,\"caption\":\"fleur de sel met niida saffraan\"},{\"@type\":\"BreadcrumbList\",\"@id\":\"https:\\\/\\\/www.niida-saffraan.be\\\/product\\\/fleur-de-sel\\\/#breadcrumb\",\"itemListElement\":[{\"@type\":\"ListItem\",\"position\":1,\"name\":\"Home\",\"item\":\"https:\\\/\\\/www.niida-saffraan.be\\\/\"},{\"@type\":\"ListItem\",\"position\":2,\"name\":\"e-shop\",\"item\":\"https:\\\/\\\/www.niida-saffraan.be\\\/winkel\\\/\"},{\"@type\":\"ListItem\",\"position\":3,\"name\":\"Fleur de Sel de Camargue &#038; Saffraan\"}]},{\"@type\":\"WebSite\",\"@id\":\"https:\\\/\\\/www.niida-saffraan.be\\\/#website\",\"url\":\"https:\\\/\\\/www.niida-saffraan.be\\\/\",\"name\":\"NIIDA-saffraan\",\"description\":\"Het Juweel van Gastronomie, de Afghaanse saffraan\",\"publisher\":{\"@id\":\"https:\\\/\\\/www.niida-saffraan.be\\\/#organization\"},\"potentialAction\":[{\"@type\":\"SearchAction\",\"target\":{\"@type\":\"EntryPoint\",\"urlTemplate\":\"https:\\\/\\\/www.niida-saffraan.be\\\/?s={search_term_string}\"},\"query-input\":{\"@type\":\"PropertyValueSpecification\",\"valueRequired\":true,\"valueName\":\"search_term_string\"}}],\"inLanguage\":\"fr-BE\"},{\"@type\":\"Organization\",\"@id\":\"https:\\\/\\\/www.niida-saffraan.be\\\/#organization\",\"name\":\"NIIDA Saffraan\",\"url\":\"https:\\\/\\\/www.niida-saffraan.be\\\/\",\"logo\":{\"@type\":\"ImageObject\",\"inLanguage\":\"fr-BE\",\"@id\":\"https:\\\/\\\/www.niida-saffraan.be\\\/#\\\/schema\\\/logo\\\/image\\\/\",\"url\":\"https:\\\/\\\/www.niida-saffraan.be\\\/wp-content\\\/uploads\\\/2021\\\/12\\\/logo-site.png\",\"contentUrl\":\"https:\\\/\\\/www.niida-saffraan.be\\\/wp-content\\\/uploads\\\/2021\\\/12\\\/logo-site.png\",\"width\":250,\"height\":100,\"caption\":\"NIIDA Saffraan\"},\"image\":{\"@id\":\"https:\\\/\\\/www.niida-saffraan.be\\\/#\\\/schema\\\/logo\\\/image\\\/\"}}]}<\/script>\n<!-- \/ Yoast SEO plugin. -->","yoast_head_json":{"title":"Fleur de Sel de Camargue & Saffraan - NIIDA-saffraan","description":"Fleur de Sel & Saffraan is een zeezout geoogst op de zoutmourassen in Camargue in het zuiden van Frankrijk, verrijkt met NIIDA-saffraan Kortom: natuurzuiver exclusieve zeezout zoals je het nergens anders vindt.","robots":{"index":"index","follow":"follow","max-snippet":"max-snippet:-1","max-image-preview":"max-image-preview:large","max-video-preview":"max-video-preview:-1"},"canonical":"https:\/\/www.niida-saffraan.be\/fr\/produit-2\/fleur-de-sel\/","og_locale":"fr_FR","og_type":"article","og_title":"Fleur de Sel de Camargue & Saffraan - NIIDA-saffraan","og_description":"Fleur de Sel & Saffraan is een zeezout geoogst op de zoutmourassen in Camargue in het zuiden van Frankrijk, verrijkt met NIIDA-saffraan Kortom: natuurzuiver exclusieve zeezout zoals je het nergens anders vindt.","og_url":"https:\/\/www.niida-saffraan.be\/fr\/produit-2\/fleur-de-sel\/","og_site_name":"NIIDA-saffraan","article_modified_time":"2024-11-15T14:26:00+00:00","og_image":[{"width":2560,"height":2560,"url":"https:\/\/www.niida-saffraan.be\/wp-content\/uploads\/2016\/12\/NiidaSaffraan-by-AS-Deldycke-10-scaled.jpg","type":"image\/jpeg"}],"twitter_card":"summary_large_image","twitter_misc":{"Dur\u00e9e de lecture est.":"1 minute"},"schema":{"@context":"https:\/\/schema.org","@graph":[{"@type":"WebPage","@id":"https:\/\/www.niida-saffraan.be\/product\/fleur-de-sel\/","url":"https:\/\/www.niida-saffraan.be\/product\/fleur-de-sel\/","name":"Fleur de Sel de Camargue & Saffraan - NIIDA-saffraan","isPartOf":{"@id":"https:\/\/www.niida-saffraan.be\/#website"},"primaryImageOfPage":{"@id":"https:\/\/www.niida-saffraan.be\/product\/fleur-de-sel\/#primaryimage"},"image":{"@id":"https:\/\/www.niida-saffraan.be\/product\/fleur-de-sel\/#primaryimage"},"thumbnailUrl":"https:\/\/www.niida-saffraan.be\/wp-content\/uploads\/2016\/12\/NiidaSaffraan-by-AS-Deldycke-10-scaled.jpg","datePublished":"2016-12-19T12:59:53+00:00","dateModified":"2024-11-15T14:26:00+00:00","description":"Fleur de Sel & Saffraan is een zeezout geoogst op de zoutmourassen in Camargue in het zuiden van Frankrijk, verrijkt met NIIDA-saffraan Kortom: natuurzuiver exclusieve zeezout zoals je het nergens anders vindt.","breadcrumb":{"@id":"https:\/\/www.niida-saffraan.be\/product\/fleur-de-sel\/#breadcrumb"},"inLanguage":"fr-BE","potentialAction":[{"@type":"ReadAction","target":["https:\/\/www.niida-saffraan.be\/product\/fleur-de-sel\/"]}]},{"@type":"ImageObject","inLanguage":"fr-BE","@id":"https:\/\/www.niida-saffraan.be\/product\/fleur-de-sel\/#primaryimage","url":"https:\/\/www.niida-saffraan.be\/wp-content\/uploads\/2016\/12\/NiidaSaffraan-by-AS-Deldycke-10-scaled.jpg","contentUrl":"https:\/\/www.niida-saffraan.be\/wp-content\/uploads\/2016\/12\/NiidaSaffraan-by-AS-Deldycke-10-scaled.jpg","width":2560,"height":2560,"caption":"fleur de sel met niida saffraan"},{"@type":"BreadcrumbList","@id":"https:\/\/www.niida-saffraan.be\/product\/fleur-de-sel\/#breadcrumb","itemListElement":[{"@type":"ListItem","position":1,"name":"Home","item":"https:\/\/www.niida-saffraan.be\/"},{"@type":"ListItem","position":2,"name":"e-shop","item":"https:\/\/www.niida-saffraan.be\/winkel\/"},{"@type":"ListItem","position":3,"name":"Fleur de Sel de Camargue &#038; Saffraan"}]},{"@type":"WebSite","@id":"https:\/\/www.niida-saffraan.be\/#website","url":"https:\/\/www.niida-saffraan.be\/","name":"Safran NIIDA","description":"Het Juweel van Gastronomie, de Afghaanse saffraan","publisher":{"@id":"https:\/\/www.niida-saffraan.be\/#organization"},"potentialAction":[{"@type":"SearchAction","target":{"@type":"EntryPoint","urlTemplate":"https:\/\/www.niida-saffraan.be\/?s={search_term_string}"},"query-input":{"@type":"PropertyValueSpecification","valueRequired":true,"valueName":"search_term_string"}}],"inLanguage":"fr-BE"},{"@type":"Organization","@id":"https:\/\/www.niida-saffraan.be\/#organization","name":"NIIDA Saffraan","url":"https:\/\/www.niida-saffraan.be\/","logo":{"@type":"ImageObject","inLanguage":"fr-BE","@id":"https:\/\/www.niida-saffraan.be\/#\/schema\/logo\/image\/","url":"https:\/\/www.niida-saffraan.be\/wp-content\/uploads\/2021\/12\/logo-site.png","contentUrl":"https:\/\/www.niida-saffraan.be\/wp-content\/uploads\/2021\/12\/logo-site.png","width":250,"height":100,"caption":"NIIDA Saffraan"},"image":{"@id":"https:\/\/www.niida-saffraan.be\/#\/schema\/logo\/image\/"}}]}},"jetpack_sharing_enabled":true,"_links":{"self":[{"href":"https:\/\/www.niida-saffraan.be\/fr\/wp-json\/wp\/v2\/product\/161","targetHints":{"allow":["GET"]}}],"collection":[{"href":"https:\/\/www.niida-saffraan.be\/fr\/wp-json\/wp\/v2\/product"}],"about":[{"href":"https:\/\/www.niida-saffraan.be\/fr\/wp-json\/wp\/v2\/types\/product"}],"replies":[{"embeddable":true,"href":"https:\/\/www.niida-saffraan.be\/fr\/wp-json\/wp\/v2\/comments?post=161"}],"wp:featuredmedia":[{"embeddable":true,"href":"https:\/\/www.niida-saffraan.be\/fr\/wp-json\/wp\/v2\/media\/12491"}],"wp:attachment":[{"href":"https:\/\/www.niida-saffraan.be\/fr\/wp-json\/wp\/v2\/media?parent=161"}],"wp:term":[{"taxonomy":"product_brand","embeddable":true,"href":"https:\/\/www.niida-saffraan.be\/fr\/wp-json\/wp\/v2\/product_brand?post=161"},{"taxonomy":"product_cat","embeddable":true,"href":"https:\/\/www.niida-saffraan.be\/fr\/wp-json\/wp\/v2\/product_cat?post=161"},{"taxonomy":"product_tag","embeddable":true,"href":"https:\/\/www.niida-saffraan.be\/fr\/wp-json\/wp\/v2\/product_tag?post=161"}],"curies":[{"name":"wp","href":"https:\/\/api.w.org\/{rel}","templated":true}]}}