{"id":11957,"date":"2022-01-20T10:06:09","date_gmt":"2022-01-20T10:06:09","guid":{"rendered":"https:\/\/www.niida-saffraan.be\/?post_type=product&#038;p=11957"},"modified":"2024-11-15T11:42:33","modified_gmt":"2024-11-15T11:42:33","slug":"b2b-saffraan-kopen","status":"publish","type":"product","link":"https:\/\/www.niida-saffraan.be\/fr\/produit-2\/b2b-saffraan-kopen\/","title":{"rendered":"Safran NIIDA B2B"},"content":{"rendered":"<div class=\"vc_row wpb_row vc_row-fluid\" ><div class=\"wpb_column vc_column_container vc_col-sm-12\"><div class=\"vc_column-inner\"><div class=\"wpb_wrapper\">\n\t<div class=\"wpb_text_column wpb_content_element\" >\n\t\t<div class=\"wpb_wrapper\">\n\t\t\t<h5 class=\"translation-block\">Optez pour le safran Super Negin de la plus haute qualit\u00e9 chez Niida Saffraan, votre partenaire pour le safran B2B de premier choix. \n\nLe safran d'Afghanistan est prim\u00e9 depuis quatre ann\u00e9es de suite \"Meilleur Safran au Monde\" par l'Institut International de la Qualit\u00e9.\n\nDemandez d\u00e8s aujourd'hui un devis personnalis\u00e9, avec l'assurance de recevoir une r\u00e9ponse dans les 24 heures.<\/h5>\n\n\t\t<\/div>\n\t<\/div>\n<a itemprop=\"url\" href=\"https:\/\/www.niida-saffraan.be\/fr\/contact-us\/\" target=\"_self\"  class=\"eltdf-btn eltdf-btn-small eltdf-btn-solid\"  >\n    <span class=\"eltdf-btn-text\">Demander un devis<\/span>\n    <i class=\"eltdf-icon-linear-icon lnr\" ><\/i><\/a><\/div><\/div><\/div><\/div>","protected":false},"excerpt":{"rendered":"<h5 class=\"translation-block\">Optez pour le safran Super Negin de la plus haute qualit\u00e9 chez Niida Saffraan, votre partenaire pour le safran B2B de premier choix. \n\nLe safran d'Afghanistan est prim\u00e9 depuis quatre ann\u00e9es de suite \"Meilleur Safran au Monde\" par l'Institut International de la Qualit\u00e9.\n\nDemandez d\u00e8s aujourd'hui un devis personnalis\u00e9, avec l'assurance de recevoir une r\u00e9ponse dans les 24 heures.<\/h5>","protected":false},"featured_media":12488,"comment_status":"closed","ping_status":"closed","template":"","meta":[],"product_brand":[],"product_cat":[77],"product_tag":[35],"class_list":{"0":"post-11957","1":"product","2":"type-product","3":"status-publish","4":"has-post-thumbnail","6":"product_cat-spice","7":"product_tag-organic","9":"first","10":"instock","11":"featured","12":"taxable","13":"shipping-taxable","14":"product-type-simple"},"yoast_head":"<!-- This site is optimized with the Yoast SEO plugin v27.5 - https:\/\/yoast.com\/product\/yoast-seo-wordpress\/ -->\n<title>NIIDA-saffraan - Saffraan kopen voor horeca bedrijven<\/title>\n<meta name=\"description\" content=\"NIIDA-saffraan B2B Afghaanse exclusieve Super Negin saffraan van topkwaliteit voor B2B-klanten. Ontdek Niida Saffraan, uw partner voor de beste saffraan.\" \/>\n<meta name=\"robots\" content=\"index, follow, max-snippet:-1, max-image-preview:large, max-video-preview:-1\" \/>\n<link rel=\"canonical\" href=\"https:\/\/www.niida-saffraan.be\/fr\/produit-2\/b2b-saffraan-kopen\/\" \/>\n<meta property=\"og:locale\" content=\"fr_FR\" \/>\n<meta property=\"og:type\" content=\"article\" \/>\n<meta property=\"og:title\" content=\"NIIDA-saffraan - Saffraan kopen voor horeca bedrijven\" \/>\n<meta property=\"og:description\" content=\"NIIDA-saffraan B2B Afghaanse exclusieve Super Negin saffraan van topkwaliteit voor B2B-klanten. Ontdek Niida Saffraan, uw partner voor de beste saffraan.\" \/>\n<meta property=\"og:url\" content=\"https:\/\/www.niida-saffraan.be\/fr\/produit-2\/b2b-saffraan-kopen\/\" \/>\n<meta property=\"og:site_name\" content=\"NIIDA-saffraan\" \/>\n<meta property=\"article:modified_time\" content=\"2024-11-15T11:42:33+00:00\" \/>\n<meta property=\"og:image\" content=\"https:\/\/www.niida-saffraan.be\/wp-content\/uploads\/2022\/01\/NiidaSaffraan-by-AS-Deldycke-04-scaled.jpg\" \/>\n\t<meta property=\"og:image:width\" content=\"1707\" \/>\n\t<meta property=\"og:image:height\" content=\"2560\" \/>\n\t<meta property=\"og:image:type\" content=\"image\/jpeg\" \/>\n<meta name=\"twitter:card\" content=\"summary_large_image\" \/>\n<script type=\"application\/ld+json\" class=\"yoast-schema-graph\">{\"@context\":\"https:\\\/\\\/schema.org\",\"@graph\":[{\"@type\":\"WebPage\",\"@id\":\"https:\\\/\\\/www.niida-saffraan.be\\\/product\\\/b2b-saffraan-kopen\\\/\",\"url\":\"https:\\\/\\\/www.niida-saffraan.be\\\/product\\\/b2b-saffraan-kopen\\\/\",\"name\":\"NIIDA-saffraan - Saffraan kopen voor horeca bedrijven\",\"isPartOf\":{\"@id\":\"https:\\\/\\\/www.niida-saffraan.be\\\/#website\"},\"primaryImageOfPage\":{\"@id\":\"https:\\\/\\\/www.niida-saffraan.be\\\/product\\\/b2b-saffraan-kopen\\\/#primaryimage\"},\"image\":{\"@id\":\"https:\\\/\\\/www.niida-saffraan.be\\\/product\\\/b2b-saffraan-kopen\\\/#primaryimage\"},\"thumbnailUrl\":\"https:\\\/\\\/www.niida-saffraan.be\\\/wp-content\\\/uploads\\\/2022\\\/01\\\/NiidaSaffraan-by-AS-Deldycke-04-scaled.jpg\",\"datePublished\":\"2022-01-20T10:06:09+00:00\",\"dateModified\":\"2024-11-15T11:42:33+00:00\",\"description\":\"NIIDA-saffraan B2B Afghaanse exclusieve Super Negin saffraan van topkwaliteit voor B2B-klanten. Ontdek Niida Saffraan, uw partner voor de beste saffraan.\",\"breadcrumb\":{\"@id\":\"https:\\\/\\\/www.niida-saffraan.be\\\/product\\\/b2b-saffraan-kopen\\\/#breadcrumb\"},\"inLanguage\":\"fr-BE\",\"potentialAction\":[{\"@type\":\"ReadAction\",\"target\":[\"https:\\\/\\\/www.niida-saffraan.be\\\/product\\\/b2b-saffraan-kopen\\\/\"]}]},{\"@type\":\"ImageObject\",\"inLanguage\":\"fr-BE\",\"@id\":\"https:\\\/\\\/www.niida-saffraan.be\\\/product\\\/b2b-saffraan-kopen\\\/#primaryimage\",\"url\":\"https:\\\/\\\/www.niida-saffraan.be\\\/wp-content\\\/uploads\\\/2022\\\/01\\\/NiidaSaffraan-by-AS-Deldycke-04-scaled.jpg\",\"contentUrl\":\"https:\\\/\\\/www.niida-saffraan.be\\\/wp-content\\\/uploads\\\/2022\\\/01\\\/NiidaSaffraan-by-AS-Deldycke-04-scaled.jpg\",\"width\":1707,\"height\":2560,\"caption\":\"saffraan kopen voor bedrijven\"},{\"@type\":\"BreadcrumbList\",\"@id\":\"https:\\\/\\\/www.niida-saffraan.be\\\/product\\\/b2b-saffraan-kopen\\\/#breadcrumb\",\"itemListElement\":[{\"@type\":\"ListItem\",\"position\":1,\"name\":\"Home\",\"item\":\"https:\\\/\\\/www.niida-saffraan.be\\\/\"},{\"@type\":\"ListItem\",\"position\":2,\"name\":\"e-shop\",\"item\":\"https:\\\/\\\/www.niida-saffraan.be\\\/winkel\\\/\"},{\"@type\":\"ListItem\",\"position\":3,\"name\":\"NIIDA-saffraan B2B\"}]},{\"@type\":\"WebSite\",\"@id\":\"https:\\\/\\\/www.niida-saffraan.be\\\/#website\",\"url\":\"https:\\\/\\\/www.niida-saffraan.be\\\/\",\"name\":\"NIIDA-saffraan\",\"description\":\"Het Juweel van Gastronomie, de Afghaanse saffraan\",\"publisher\":{\"@id\":\"https:\\\/\\\/www.niida-saffraan.be\\\/#organization\"},\"potentialAction\":[{\"@type\":\"SearchAction\",\"target\":{\"@type\":\"EntryPoint\",\"urlTemplate\":\"https:\\\/\\\/www.niida-saffraan.be\\\/?s={search_term_string}\"},\"query-input\":{\"@type\":\"PropertyValueSpecification\",\"valueRequired\":true,\"valueName\":\"search_term_string\"}}],\"inLanguage\":\"fr-BE\"},{\"@type\":\"Organization\",\"@id\":\"https:\\\/\\\/www.niida-saffraan.be\\\/#organization\",\"name\":\"NIIDA Saffraan\",\"url\":\"https:\\\/\\\/www.niida-saffraan.be\\\/\",\"logo\":{\"@type\":\"ImageObject\",\"inLanguage\":\"fr-BE\",\"@id\":\"https:\\\/\\\/www.niida-saffraan.be\\\/#\\\/schema\\\/logo\\\/image\\\/\",\"url\":\"https:\\\/\\\/www.niida-saffraan.be\\\/wp-content\\\/uploads\\\/2021\\\/12\\\/logo-site.png\",\"contentUrl\":\"https:\\\/\\\/www.niida-saffraan.be\\\/wp-content\\\/uploads\\\/2021\\\/12\\\/logo-site.png\",\"width\":250,\"height\":100,\"caption\":\"NIIDA Saffraan\"},\"image\":{\"@id\":\"https:\\\/\\\/www.niida-saffraan.be\\\/#\\\/schema\\\/logo\\\/image\\\/\"}}]}<\/script>\n<!-- \/ Yoast SEO plugin. -->","yoast_head_json":{"title":"Le safran Niida pour les entreprises","description":"NIIDA-saffraan B2B Afghaanse exclusieve Super Negin saffraan van topkwaliteit voor B2B-klanten. Ontdek Niida Saffraan, uw partner voor de beste saffraan.","robots":{"index":"index","follow":"follow","max-snippet":"max-snippet:-1","max-image-preview":"max-image-preview:large","max-video-preview":"max-video-preview:-1"},"canonical":"https:\/\/www.niida-saffraan.be\/fr\/produit-2\/b2b-saffraan-kopen\/","og_locale":"fr_FR","og_type":"article","og_title":"NIIDA-saffraan - Saffraan kopen voor horeca bedrijven","og_description":"NIIDA-saffraan B2B Afghaanse exclusieve Super Negin saffraan van topkwaliteit voor B2B-klanten. Ontdek Niida Saffraan, uw partner voor de beste saffraan.","og_url":"https:\/\/www.niida-saffraan.be\/fr\/produit-2\/b2b-saffraan-kopen\/","og_site_name":"NIIDA-saffraan","article_modified_time":"2024-11-15T11:42:33+00:00","og_image":[{"width":1707,"height":2560,"url":"https:\/\/www.niida-saffraan.be\/wp-content\/uploads\/2022\/01\/NiidaSaffraan-by-AS-Deldycke-04-scaled.jpg","type":"image\/jpeg"}],"twitter_card":"summary_large_image","schema":{"@context":"https:\/\/schema.org","@graph":[{"@type":"WebPage","@id":"https:\/\/www.niida-saffraan.be\/product\/b2b-saffraan-kopen\/","url":"https:\/\/www.niida-saffraan.be\/product\/b2b-saffraan-kopen\/","name":"Le safran Niida pour les entreprises","isPartOf":{"@id":"https:\/\/www.niida-saffraan.be\/#website"},"primaryImageOfPage":{"@id":"https:\/\/www.niida-saffraan.be\/product\/b2b-saffraan-kopen\/#primaryimage"},"image":{"@id":"https:\/\/www.niida-saffraan.be\/product\/b2b-saffraan-kopen\/#primaryimage"},"thumbnailUrl":"https:\/\/www.niida-saffraan.be\/wp-content\/uploads\/2022\/01\/NiidaSaffraan-by-AS-Deldycke-04-scaled.jpg","datePublished":"2022-01-20T10:06:09+00:00","dateModified":"2024-11-15T11:42:33+00:00","description":"NIIDA-saffraan B2B Afghaanse exclusieve Super Negin saffraan van topkwaliteit voor B2B-klanten. Ontdek Niida Saffraan, uw partner voor de beste saffraan.","breadcrumb":{"@id":"https:\/\/www.niida-saffraan.be\/product\/b2b-saffraan-kopen\/#breadcrumb"},"inLanguage":"fr-BE","potentialAction":[{"@type":"ReadAction","target":["https:\/\/www.niida-saffraan.be\/product\/b2b-saffraan-kopen\/"]}]},{"@type":"ImageObject","inLanguage":"fr-BE","@id":"https:\/\/www.niida-saffraan.be\/product\/b2b-saffraan-kopen\/#primaryimage","url":"https:\/\/www.niida-saffraan.be\/wp-content\/uploads\/2022\/01\/NiidaSaffraan-by-AS-Deldycke-04-scaled.jpg","contentUrl":"https:\/\/www.niida-saffraan.be\/wp-content\/uploads\/2022\/01\/NiidaSaffraan-by-AS-Deldycke-04-scaled.jpg","width":1707,"height":2560,"caption":"saffraan kopen voor bedrijven"},{"@type":"BreadcrumbList","@id":"https:\/\/www.niida-saffraan.be\/product\/b2b-saffraan-kopen\/#breadcrumb","itemListElement":[{"@type":"ListItem","position":1,"name":"Home","item":"https:\/\/www.niida-saffraan.be\/"},{"@type":"ListItem","position":2,"name":"e-shop","item":"https:\/\/www.niida-saffraan.be\/winkel\/"},{"@type":"ListItem","position":3,"name":"NIIDA-saffraan B2B"}]},{"@type":"WebSite","@id":"https:\/\/www.niida-saffraan.be\/#website","url":"https:\/\/www.niida-saffraan.be\/","name":"Safran NIIDA","description":"Het Juweel van Gastronomie, de Afghaanse saffraan","publisher":{"@id":"https:\/\/www.niida-saffraan.be\/#organization"},"potentialAction":[{"@type":"SearchAction","target":{"@type":"EntryPoint","urlTemplate":"https:\/\/www.niida-saffraan.be\/?s={search_term_string}"},"query-input":{"@type":"PropertyValueSpecification","valueRequired":true,"valueName":"search_term_string"}}],"inLanguage":"fr-BE"},{"@type":"Organization","@id":"https:\/\/www.niida-saffraan.be\/#organization","name":"NIIDA Saffraan","url":"https:\/\/www.niida-saffraan.be\/","logo":{"@type":"ImageObject","inLanguage":"fr-BE","@id":"https:\/\/www.niida-saffraan.be\/#\/schema\/logo\/image\/","url":"https:\/\/www.niida-saffraan.be\/wp-content\/uploads\/2021\/12\/logo-site.png","contentUrl":"https:\/\/www.niida-saffraan.be\/wp-content\/uploads\/2021\/12\/logo-site.png","width":250,"height":100,"caption":"NIIDA Saffraan"},"image":{"@id":"https:\/\/www.niida-saffraan.be\/#\/schema\/logo\/image\/"}}]}},"jetpack_sharing_enabled":true,"_links":{"self":[{"href":"https:\/\/www.niida-saffraan.be\/fr\/wp-json\/wp\/v2\/product\/11957","targetHints":{"allow":["GET"]}}],"collection":[{"href":"https:\/\/www.niida-saffraan.be\/fr\/wp-json\/wp\/v2\/product"}],"about":[{"href":"https:\/\/www.niida-saffraan.be\/fr\/wp-json\/wp\/v2\/types\/product"}],"replies":[{"embeddable":true,"href":"https:\/\/www.niida-saffraan.be\/fr\/wp-json\/wp\/v2\/comments?post=11957"}],"wp:featuredmedia":[{"embeddable":true,"href":"https:\/\/www.niida-saffraan.be\/fr\/wp-json\/wp\/v2\/media\/12488"}],"wp:attachment":[{"href":"https:\/\/www.niida-saffraan.be\/fr\/wp-json\/wp\/v2\/media?parent=11957"}],"wp:term":[{"taxonomy":"product_brand","embeddable":true,"href":"https:\/\/www.niida-saffraan.be\/fr\/wp-json\/wp\/v2\/product_brand?post=11957"},{"taxonomy":"product_cat","embeddable":true,"href":"https:\/\/www.niida-saffraan.be\/fr\/wp-json\/wp\/v2\/product_cat?post=11957"},{"taxonomy":"product_tag","embeddable":true,"href":"https:\/\/www.niida-saffraan.be\/fr\/wp-json\/wp\/v2\/product_tag?post=11957"}],"curies":[{"name":"wp","href":"https:\/\/api.w.org\/{rel}","templated":true}]}}